{"id":1089,"date":"2022-01-19T14:34:56","date_gmt":"2022-01-19T19:34:56","guid":{"rendered":"http:\/\/masclick.net.co\/masclick\/?page_id=1089"},"modified":"2023-08-20T17:27:46","modified_gmt":"2023-08-20T22:27:46","slug":"condiciones-de-la-oferta-de-paquetes","status":"publish","type":"page","link":"https:\/\/masclick.net.co\/masclick\/?page_id=1089","title":{"rendered":"CONDICIONES DE LA OFERTA DE PAQUETES"},"content":{"rendered":"\t\t<div data-elementor-type=\"wp-post\" data-elementor-id=\"1089\" class=\"elementor elementor-1089\">\n\t\t\t\t\t\t\t\t\t<section class=\"elementor-section elementor-top-section elementor-element elementor-element-ebd2565 elementor-section-content-middle elementor-section-boxed elementor-section-height-default elementor-section-height-default\" data-id=\"ebd2565\" data-element_type=\"section\" data-settings=\"{&quot;background_background&quot;:&quot;video&quot;,&quot;background_video_link&quot;:&quot;https:\\\/\\\/www.youtube.com\\\/watch?v=g7d-i77HnqI&quot;,&quot;background_play_on_mobile&quot;:&quot;yes&quot;}\">\n\t\t\t\t\t\t\t\t<div class=\"elementor-background-video-container\">\n\t\t\t\t\t\t\t\t\t\t\t\t\t<div class=\"elementor-background-video-embed\"><\/div>\n\t\t\t\t\t\t\t\t\t\t\t\t<\/div>\n\t\t\t\t\t\t\t\t\t<div class=\"elementor-background-overlay\"><\/div>\n\t\t\t\t\t\t\t<div class=\"elementor-container elementor-column-gap-no\">\n\t\t\t\t\t<div class=\"elementor-column elementor-col-50 elementor-top-column elementor-element elementor-element-fe3c51f\" data-id=\"fe3c51f\" data-element_type=\"column\">\n\t\t\t<div class=\"elementor-widget-wrap elementor-element-populated\">\n\t\t\t\t\t\t\t\t<div class=\"elementor-element elementor-element-e8fc61e elementor-widget elementor-widget-heading\" data-id=\"e8fc61e\" data-element_type=\"widget\" data-widget_type=\"heading.default\">\n\t\t\t\t<div class=\"elementor-widget-container\">\n\t\t\t<style>\/*! elementor - v3.6.5 - 27-04-2022 *\/\n.elementor-heading-title{padding:0;margin:0;line-height:1}.elementor-widget-heading .elementor-heading-title[class*=elementor-size-]>a{color:inherit;font-size:inherit;line-height:inherit}.elementor-widget-heading .elementor-heading-title.elementor-size-small{font-size:15px}.elementor-widget-heading .elementor-heading-title.elementor-size-medium{font-size:19px}.elementor-widget-heading .elementor-heading-title.elementor-size-large{font-size:29px}.elementor-widget-heading .elementor-heading-title.elementor-size-xl{font-size:39px}.elementor-widget-heading .elementor-heading-title.elementor-size-xxl{font-size:59px}<\/style><h5 class=\"elementor-heading-title elementor-size-default\">\nT\u00e9rminos y Condiciones Oferta Comercial +Click\n<\/h5>\t\t<\/div>\n\t\t\t\t<\/div>\n\t\t\t\t<div class=\"elementor-element elementor-element-25c959e elementor-widget elementor-widget-image\" data-id=\"25c959e\" data-element_type=\"widget\" data-widget_type=\"image.default\">\n\t\t\t\t<div class=\"elementor-widget-container\">\n\t\t\t<style>\/*! elementor - v3.6.5 - 27-04-2022 *\/\n.elementor-widget-image{text-align:center}.elementor-widget-image a{display:inline-block}.elementor-widget-image a img[src$=\".svg\"]{width:48px}.elementor-widget-image img{vertical-align:middle;display:inline-block}<\/style>\t\t\t\t\t\t\t\t\t\t\t\t<img width=\"891\" height=\"356\" src=\"https:\/\/masclick.net.co\/masclick\/wp-content\/uploads\/2022\/01\/logoMaxClick.png\" class=\"attachment-large size-large\" alt=\"\" loading=\"lazy\" srcset=\"https:\/\/masclick.net.co\/masclick\/wp-content\/uploads\/2022\/01\/logoMaxClick.png 891w, https:\/\/masclick.net.co\/masclick\/wp-content\/uploads\/2022\/01\/logoMaxClick-300x120.png 300w, https:\/\/masclick.net.co\/masclick\/wp-content\/uploads\/2022\/01\/logoMaxClick-768x307.png 768w\" sizes=\"(max-width: 891px) 100vw, 891px\" \/>\t\t\t\t\t\t\t\t\t\t\t\t\t\t\t<\/div>\n\t\t\t\t<\/div>\n\t\t\t\t<div class=\"elementor-element elementor-element-a52b460 elementor-widget elementor-widget-text-editor\" data-id=\"a52b460\" data-element_type=\"widget\" data-widget_type=\"text-editor.default\">\n\t\t\t\t<div class=\"elementor-widget-container\">\n\t\t\t<style>\/*! elementor - v3.6.5 - 27-04-2022 *\/\n.elementor-widget-text-editor.elementor-drop-cap-view-stacked .elementor-drop-cap{background-color:#818a91;color:#fff}.elementor-widget-text-editor.elementor-drop-cap-view-framed .elementor-drop-cap{color:#818a91;border:3px solid;background-color:transparent}.elementor-widget-text-editor:not(.elementor-drop-cap-view-default) .elementor-drop-cap{margin-top:8px}.elementor-widget-text-editor:not(.elementor-drop-cap-view-default) .elementor-drop-cap-letter{width:1em;height:1em}.elementor-widget-text-editor .elementor-drop-cap{float:left;text-align:center;line-height:1;font-size:50px}.elementor-widget-text-editor .elementor-drop-cap-letter{display:inline-block}<\/style>\t\t\t\t<p>Servicio M\u00f3vil prestado por SUMA M\u00d3VIL S.A.S<\/p>\t\t\t\t\t\t<\/div>\n\t\t\t\t<\/div>\n\t\t\t\t\t<\/div>\n\t\t<\/div>\n\t\t\t\t<div class=\"elementor-column elementor-col-50 elementor-top-column elementor-element elementor-element-df90499\" data-id=\"df90499\" data-element_type=\"column\">\n\t\t\t<div class=\"elementor-widget-wrap\">\n\t\t\t\t\t\t\t\t\t<\/div>\n\t\t<\/div>\n\t\t\t\t\t\t\t<\/div>\n\t\t<\/section>\n\t\t\t\t<section class=\"elementor-section elementor-top-section elementor-element elementor-element-9481a19 elementor-section-boxed elementor-section-height-default elementor-section-height-default\" data-id=\"9481a19\" data-element_type=\"section\">\n\t\t\t\t\t\t<div class=\"elementor-container elementor-column-gap-default\">\n\t\t\t\t\t<div class=\"elementor-column elementor-col-100 elementor-top-column elementor-element elementor-element-c3d818f\" data-id=\"c3d818f\" data-element_type=\"column\">\n\t\t\t<div class=\"elementor-widget-wrap elementor-element-populated\">\n\t\t\t\t\t\t\t\t<div class=\"elementor-element elementor-element-18f7d0d elementor-widget elementor-widget-html\" data-id=\"18f7d0d\" data-element_type=\"widget\" data-widget_type=\"html.default\">\n\t\t\t\t<div class=\"elementor-widget-container\">\n\t\t\t <link href=\"https:\/\/cdn.jsdelivr.net\/npm\/bootstrap@4.3.1\/dist\/css\/bootstrap.min.css\" rel=\"stylesheet\" \/>\r\n    <link href=\"https:\/\/cdn.datatables.net\/v\/bs4\/dt-1.13.1\/datatables.min.css\" rel=\"stylesheet\" \/>\r\n\r\n    <div style=\"overflow: auto\">\r\n        <table id=\"tabla\" class=\"table table-striped table-bordered table-hover table-sm\" cellspacing=\"0\" width=\"100%\">\r\n            <thead style=\"background-color: #0F74BC; color:#FFFFFF;\">\r\n                <tr>\r\n                    <th style=\"font-size:12px\">FECHA<\/th>\r\n                    <th style=\"font-size:12px\">NOMBRE<\/th>\r\n                    <th style=\"font-size:12px\">DOCUMENTO<\/th>\r\n                <\/tr>\r\n            <\/thead>\r\n            <tbody>\r\n                <tr>\r\n                    <td>20\/04\/2023<\/td>\r\n                    <td>TC Oferta Comercial Paquetes PLUS&RECURRENTES<\/td>\r\n                    <td>\r\n                        <center>\r\n                            <div class=\"elementor-button-wrapper\">\r\n                                <a href=\"https:\/\/masclick.net.co\/masclick\/?page_id=4733\"\r\n                                    class=\"elementor-button-link elementor-button elementor-size-sm\" role=\"button\">\r\n                                    <span class=\"elementor-button-content-wrapper\">\r\n                                        <span class=\"elementor-button-text\"><i aria-hidden=\"true\"\r\n                                                class=\"far fa-file-alt\"><\/i> Haz clic aqu\u00ed<\/span>\r\n                                    <\/span>\r\n                                <\/a>\r\n                            <\/div>\r\n                        <\/center>\r\n                    <\/td>\r\n                <\/tr>\r\n                <tr>\r\n                    <td>01\/02\/2023<\/td>\r\n                    <td>T\u00e9rminos y Condiciones Oferta Comercial Paquetes Full, Plus, Voz, Datos y Redes Sociales<\/td>\r\n                    <td>\r\n                        <center>\r\n                            <div class=\"elementor-button-wrapper\">\r\n                                <a href=\"https:\/\/masclick.net.co\/masclick\/?page_id=4537\"\r\n                                    class=\"elementor-button-link elementor-button elementor-size-sm\" role=\"button\">\r\n                                    <span class=\"elementor-button-content-wrapper\">\r\n                                        <span class=\"elementor-button-text\"><i aria-hidden=\"true\"\r\n                                                class=\"far fa-file-alt\"><\/i> Haz clic aqu\u00ed<\/span>\r\n                                    <\/span>\r\n                                <\/a>\r\n                            <\/div>\r\n                        <\/center>\r\n                    <\/td>\r\n                <\/tr>\r\n                <tr>\r\n                    <td>01\/12\/2022<\/td>\r\n                    <td>T\u00e9rminos y Condiciones Oferta Paquetes Plus<\/td>\r\n                    <td>\r\n                        <center>\r\n                            <div class=\"elementor-button-wrapper\">\r\n                                <a href=\"https:\/\/masclick.net.co\/masclick\/?page_id=4333\"\r\n                                    class=\"elementor-button-link elementor-button elementor-size-sm\" role=\"button\">\r\n                                    <span class=\"elementor-button-content-wrapper\">\r\n                                        <span class=\"elementor-button-text\"><i aria-hidden=\"true\"\r\n                                                class=\"far fa-file-alt\"><\/i> Haz clic aqu\u00ed<\/span>\r\n                                    <\/span>\r\n                                <\/a>\r\n                            <\/div>\r\n                        <\/center>\r\n                    <\/td>\r\n                <\/tr>\r\n                <tr>\r\n                    <td>01\/12\/2022<\/td>\r\n                    <td>T\u00e9rminos y Condiciones Oferta Paquetes +Full<\/td>\r\n                    <td>\r\n                        <center>\r\n                            <div class=\"elementor-button-wrapper\">\r\n                                <a href=\"https:\/\/masclick.net.co\/masclick\/?page_id=4347\"\r\n                                    class=\"elementor-button-link elementor-button elementor-size-sm\" role=\"button\">\r\n                                    <span class=\"elementor-button-content-wrapper\">\r\n                                        <span class=\"elementor-button-text\"><i aria-hidden=\"true\"\r\n                                                class=\"far fa-file-alt\"><\/i> Haz clic aqu\u00ed<\/span>\r\n                                    <\/span>\r\n                                <\/a>\r\n                            <\/div>\r\n                        <\/center>\r\n                    <\/td>\r\n                <\/tr>\r\n                <tr>\r\n                    <td>15\/07\/2022<\/td>\r\n                    <td>T\u00e9rminos y Condiciones Oferta Paquetes Plus<\/td>\r\n                    <td>\r\n                        <center>\r\n                            <div class=\"elementor-button-wrapper\">\r\n                                <a href=\"https:\/\/masclick.net.co\/masclick\/?page_id=3954\"\r\n                                    class=\"elementor-button-link elementor-button elementor-size-sm\" role=\"button\">\r\n                                    <span class=\"elementor-button-content-wrapper\">\r\n                                        <span class=\"elementor-button-text\"><i aria-hidden=\"true\"\r\n                                                class=\"far fa-file-alt\"><\/i> Haz clic aqu\u00ed<\/span>\r\n                                    <\/span>\r\n                                <\/a>\r\n                            <\/div>\r\n                        <\/center>\r\n                    <\/td>\r\n                <\/tr>\r\n                <tr>\r\n                    <td>02\/06\/2022<\/td>\r\n                    <td>T\u00e9rminos y Condiciones Oferta Paquetes +Full<\/td>\r\n                    <td>\r\n                        <center>\r\n                            <div class=\"elementor-button-wrapper\">\r\n                                <a href=\"https:\/\/masclick.net.co\/masclick\/?page_id=3961\"\r\n                                    class=\"elementor-button-link elementor-button elementor-size-sm\" role=\"button\">\r\n                                    <span class=\"elementor-button-content-wrapper\">\r\n                                        <span class=\"elementor-button-text\"><i aria-hidden=\"true\"\r\n                                                class=\"far fa-file-alt\"><\/i> Haz clic aqu\u00ed<\/span>\r\n                                    <\/span>\r\n                                <\/a>\r\n                            <\/div>\r\n                        <\/center>\r\n                    <\/td>\r\n                <\/tr>\r\n            <\/tbody>\r\n        <\/table>\r\n    <\/div>\r\n\r\n    <script src=\"https:\/\/code.jquery.com\/jquery-3.5.1.min.js\" type=\"text\/javascript\"><\/script>\r\n    <script src=\"https:\/\/cdn.datatables.net\/v\/bs4\/dt-1.13.1\/datatables.min.js\" type=\"text\/javascript\"><\/script>\r\n    <script type=\"text\/javascript\">\r\n        $(document).ready(function () {\r\n            $(\"#tabla\").DataTable({\r\n                responsive: false,\r\n                iDisplayLength: 25,\r\n                sPaginationType: \"full_numbers\",\r\n                oLanguage: {\r\n                    sLengthMenu: \"Mostrar: _MENU_ registros por pagina\",\r\n                    sZeroRecords: \"NO SE HA ENCONTRADO INFORMACION\",\r\n                    sInfo: \"Mostrando <b>_START_<\/b> a <b>_END_<\/b> registros <br>TOTAL REGISTROS: <b>_TOTAL_<\/b> Registros<\/b>\",\r\n                    sInfoEmpty: \"Mostrando 0 A 0 registros\",\r\n                    sInfoFiltered: \"(Filtrados de un total de <b>_MAX_<\/b> registros)\",\r\n                    sLoadingRecords: \"CARGANDO...\",\r\n                    sProcessing: \"EN PROCESO...\",\r\n                    sSearch: \"Buscar:\",\r\n                    sEmptyTable: \"NO HAY INFORMACION DISPONIBLE PARA LA TABLA\",\r\n                    oPaginate: {\r\n                        sFirst: \"|<\",\r\n                        sPrevious: \"<\",\r\n                        sNext: \">\",\r\n                        sLast: \">|\",\r\n                    }\r\n                },\r\n                aoColumns: [\r\n                    { \"sType\": \"date-uk\" },\r\n                    null,\r\n                    null,\r\n                ],\r\n                aaSorting: [[0, \"desc\"]],\r\n                columnDefs: [\r\n                    { width: 5, targets: 0 },\r\n                    { width: 100, targets: 1 },\r\n                    { width: 5, targets: 2 },\r\n                ],\r\n            });\r\n        });\r\n        jQuery.extend(jQuery.fn.dataTableExt.oSort, {\r\n            \"date-uk-pre\": function (a) {\r\n                var ukDatea = a.split('\/');\r\n                return (ukDatea[2] + ukDatea[1] + ukDatea[0]) * 1;\r\n            },\r\n\r\n            \"date-uk-asc\": function (a, b) {\r\n                return ((a < b) ? -1 : ((a > b) ? 1 : 0));\r\n            },\r\n\r\n            \"date-uk-desc\": function (a, b) {\r\n                return ((a < b) ? 1 : ((a > b) ? -1 : 0));\r\n            }\r\n        });\r\n    <\/script>\t\t<\/div>\n\t\t\t\t<\/div>\n\t\t\t\t\t<\/div>\n\t\t<\/div>\n\t\t\t\t\t\t\t<\/div>\n\t\t<\/section>\n\t\t\t\t\t\t\t<\/div>\n\t\t","protected":false},"excerpt":{"rendered":"<p>T\u00e9rminos y Condiciones Oferta Comercial +Click Servicio M\u00f3vil prestado por SUMA M\u00d3VIL S.A.S FECHA NOMBRE DOCUMENTO 20\/04\/2023 TC Oferta Comercial Paquetes PLUS&#038;RECURRENTES Haz clic aqu\u00ed 01\/02\/2023 T\u00e9rminos y Condiciones Oferta Comercial Paquetes Full, Plus, Voz, Datos y Redes Sociales Haz clic aqu\u00ed 01\/12\/2022 T\u00e9rminos y Condiciones Oferta Paquetes Plus Haz clic aqu\u00ed 01\/12\/2022 T\u00e9rminos y &hellip;<\/p>\n<p class=\"read-more\"> <a class=\"\" href=\"https:\/\/masclick.net.co\/masclick\/?page_id=1089\"> <span class=\"screen-reader-text\">CONDICIONES DE LA OFERTA DE PAQUETES<\/span> Leer m\u00e1s &raquo;<\/a><\/p>\n","protected":false},"author":1,"featured_media":0,"parent":0,"menu_order":0,"comment_status":"closed","ping_status":"closed","template":"","meta":{"site-sidebar-layout":"default","site-content-layout":"page-builder","ast-main-header-display":"","ast-hfb-above-header-display":"","ast-hfb-below-header-display":"","ast-hfb-mobile-header-display":"","site-post-title":"disabled","ast-breadcrumbs-content":"","ast-featured-img":"disabled","footer-sml-layout":"","theme-transparent-header-meta":"enabled","adv-header-id-meta":"","stick-header-meta":"","header-above-stick-meta":"","header-main-stick-meta":"","header-below-stick-meta":""},"yoast_head":"<!-- This site is optimized with the Yoast SEO plugin v17.8 - https:\/\/yoast.com\/wordpress\/plugins\/seo\/ -->\n<title>CONDICIONES DE LA OFERTA DE PAQUETES - masclick<\/title>\n<meta name=\"robots\" content=\"index, follow, max-snippet:-1, max-image-preview:large, max-video-preview:-1\" \/>\n<link rel=\"canonical\" href=\"https:\/\/masclick.net.co\/masclick\/?page_id=1089\" \/>\n<meta property=\"og:locale\" content=\"es_ES\" \/>\n<meta property=\"og:type\" content=\"article\" \/>\n<meta property=\"og:title\" content=\"CONDICIONES DE LA OFERTA DE PAQUETES - masclick\" \/>\n<meta property=\"og:description\" content=\"T\u00e9rminos y Condiciones Oferta Comercial +Click Servicio M\u00f3vil prestado por SUMA M\u00d3VIL S.A.S FECHA NOMBRE DOCUMENTO 20\/04\/2023 TC Oferta Comercial Paquetes PLUS&#038;RECURRENTES Haz clic aqu\u00ed 01\/02\/2023 T\u00e9rminos y Condiciones Oferta Comercial Paquetes Full, Plus, Voz, Datos y Redes Sociales Haz clic aqu\u00ed 01\/12\/2022 T\u00e9rminos y Condiciones Oferta Paquetes Plus Haz clic aqu\u00ed 01\/12\/2022 T\u00e9rminos y &hellip; CONDICIONES DE LA OFERTA DE PAQUETES Leer m\u00e1s &raquo;\" \/>\n<meta property=\"og:url\" content=\"https:\/\/masclick.net.co\/masclick\/?page_id=1089\" \/>\n<meta property=\"og:site_name\" content=\"masclick\" \/>\n<meta property=\"article:modified_time\" content=\"2023-08-20T22:27:46+00:00\" \/>\n<meta property=\"og:image\" content=\"https:\/\/masclick.net.co\/masclick\/wp-content\/uploads\/2022\/01\/logoMaxClick.png\" \/>\n<meta name=\"twitter:card\" content=\"summary_large_image\" \/>\n<meta name=\"twitter:label1\" content=\"Tiempo estimado de lectura\" \/>\n\t<meta name=\"twitter:data1\" content=\"2 minutos\" \/>\n<script type=\"application\/ld+json\" class=\"yoast-schema-graph\">{\"@context\":\"https:\/\/schema.org\",\"@graph\":[{\"@type\":\"Organization\",\"@id\":\"https:\/\/masclick.net.co\/masclick\/#organization\",\"name\":\"MasClick\",\"url\":\"https:\/\/masclick.net.co\/masclick\/\",\"sameAs\":[],\"logo\":{\"@type\":\"ImageObject\",\"@id\":\"https:\/\/masclick.net.co\/masclick\/#logo\",\"inLanguage\":\"es-CO\",\"url\":\"http:\/\/masclick.net.co\/masclick\/wp-content\/uploads\/2022\/01\/logoMaxClick.png\",\"contentUrl\":\"http:\/\/masclick.net.co\/masclick\/wp-content\/uploads\/2022\/01\/logoMaxClick.png\",\"width\":891,\"height\":356,\"caption\":\"MasClick\"},\"image\":{\"@id\":\"https:\/\/masclick.net.co\/masclick\/#logo\"}},{\"@type\":\"WebSite\",\"@id\":\"https:\/\/masclick.net.co\/masclick\/#website\",\"url\":\"https:\/\/masclick.net.co\/masclick\/\",\"name\":\"masclick\",\"description\":\"Comun\\u00edcate con el futuro\",\"publisher\":{\"@id\":\"https:\/\/masclick.net.co\/masclick\/#organization\"},\"potentialAction\":[{\"@type\":\"SearchAction\",\"target\":{\"@type\":\"EntryPoint\",\"urlTemplate\":\"https:\/\/masclick.net.co\/masclick\/?s={search_term_string}\"},\"query-input\":\"required name=search_term_string\"}],\"inLanguage\":\"es-CO\"},{\"@type\":\"ImageObject\",\"@id\":\"https:\/\/masclick.net.co\/masclick\/?page_id=1089#primaryimage\",\"inLanguage\":\"es-CO\",\"url\":\"https:\/\/masclick.net.co\/masclick\/wp-content\/uploads\/2022\/01\/logoMaxClick.png\",\"contentUrl\":\"https:\/\/masclick.net.co\/masclick\/wp-content\/uploads\/2022\/01\/logoMaxClick.png\",\"width\":891,\"height\":356},{\"@type\":\"WebPage\",\"@id\":\"https:\/\/masclick.net.co\/masclick\/?page_id=1089#webpage\",\"url\":\"https:\/\/masclick.net.co\/masclick\/?page_id=1089\",\"name\":\"CONDICIONES DE LA OFERTA DE PAQUETES - masclick\",\"isPartOf\":{\"@id\":\"https:\/\/masclick.net.co\/masclick\/#website\"},\"primaryImageOfPage\":{\"@id\":\"https:\/\/masclick.net.co\/masclick\/?page_id=1089#primaryimage\"},\"datePublished\":\"2022-01-19T19:34:56+00:00\",\"dateModified\":\"2023-08-20T22:27:46+00:00\",\"breadcrumb\":{\"@id\":\"https:\/\/masclick.net.co\/masclick\/?page_id=1089#breadcrumb\"},\"inLanguage\":\"es-CO\",\"potentialAction\":[{\"@type\":\"ReadAction\",\"target\":[\"https:\/\/masclick.net.co\/masclick\/?page_id=1089\"]}]},{\"@type\":\"BreadcrumbList\",\"@id\":\"https:\/\/masclick.net.co\/masclick\/?page_id=1089#breadcrumb\",\"itemListElement\":[{\"@type\":\"ListItem\",\"position\":1,\"name\":\"Inicio\",\"item\":\"https:\/\/masclick.net.co\/masclick\/\"},{\"@type\":\"ListItem\",\"position\":2,\"name\":\"CONDICIONES DE LA OFERTA DE PAQUETES\"}]}]}<\/script>\n<!-- \/ Yoast SEO plugin. -->","yoast_head_json":{"title":"CONDICIONES DE LA OFERTA DE PAQUETES - masclick","robots":{"index":"index","follow":"follow","max-snippet":"max-snippet:-1","max-image-preview":"max-image-preview:large","max-video-preview":"max-video-preview:-1"},"canonical":"https:\/\/masclick.net.co\/masclick\/?page_id=1089","og_locale":"es_ES","og_type":"article","og_title":"CONDICIONES DE LA OFERTA DE PAQUETES - masclick","og_description":"T\u00e9rminos y Condiciones Oferta Comercial +Click Servicio M\u00f3vil prestado por SUMA M\u00d3VIL S.A.S FECHA NOMBRE DOCUMENTO 20\/04\/2023 TC Oferta Comercial Paquetes PLUS&#038;RECURRENTES Haz clic aqu\u00ed 01\/02\/2023 T\u00e9rminos y Condiciones Oferta Comercial Paquetes Full, Plus, Voz, Datos y Redes Sociales Haz clic aqu\u00ed 01\/12\/2022 T\u00e9rminos y Condiciones Oferta Paquetes Plus Haz clic aqu\u00ed 01\/12\/2022 T\u00e9rminos y &hellip; CONDICIONES DE LA OFERTA DE PAQUETES Leer m\u00e1s &raquo;","og_url":"https:\/\/masclick.net.co\/masclick\/?page_id=1089","og_site_name":"masclick","article_modified_time":"2023-08-20T22:27:46+00:00","og_image":[{"url":"https:\/\/masclick.net.co\/masclick\/wp-content\/uploads\/2022\/01\/logoMaxClick.png"}],"twitter_card":"summary_large_image","twitter_misc":{"Tiempo estimado de lectura":"2 minutos"},"schema":{"@context":"https:\/\/schema.org","@graph":[{"@type":"Organization","@id":"https:\/\/masclick.net.co\/masclick\/#organization","name":"MasClick","url":"https:\/\/masclick.net.co\/masclick\/","sameAs":[],"logo":{"@type":"ImageObject","@id":"https:\/\/masclick.net.co\/masclick\/#logo","inLanguage":"es-CO","url":"http:\/\/masclick.net.co\/masclick\/wp-content\/uploads\/2022\/01\/logoMaxClick.png","contentUrl":"http:\/\/masclick.net.co\/masclick\/wp-content\/uploads\/2022\/01\/logoMaxClick.png","width":891,"height":356,"caption":"MasClick"},"image":{"@id":"https:\/\/masclick.net.co\/masclick\/#logo"}},{"@type":"WebSite","@id":"https:\/\/masclick.net.co\/masclick\/#website","url":"https:\/\/masclick.net.co\/masclick\/","name":"masclick","description":"Comun\u00edcate con el futuro","publisher":{"@id":"https:\/\/masclick.net.co\/masclick\/#organization"},"potentialAction":[{"@type":"SearchAction","target":{"@type":"EntryPoint","urlTemplate":"https:\/\/masclick.net.co\/masclick\/?s={search_term_string}"},"query-input":"required name=search_term_string"}],"inLanguage":"es-CO"},{"@type":"ImageObject","@id":"https:\/\/masclick.net.co\/masclick\/?page_id=1089#primaryimage","inLanguage":"es-CO","url":"https:\/\/masclick.net.co\/masclick\/wp-content\/uploads\/2022\/01\/logoMaxClick.png","contentUrl":"https:\/\/masclick.net.co\/masclick\/wp-content\/uploads\/2022\/01\/logoMaxClick.png","width":891,"height":356},{"@type":"WebPage","@id":"https:\/\/masclick.net.co\/masclick\/?page_id=1089#webpage","url":"https:\/\/masclick.net.co\/masclick\/?page_id=1089","name":"CONDICIONES DE LA OFERTA DE PAQUETES - masclick","isPartOf":{"@id":"https:\/\/masclick.net.co\/masclick\/#website"},"primaryImageOfPage":{"@id":"https:\/\/masclick.net.co\/masclick\/?page_id=1089#primaryimage"},"datePublished":"2022-01-19T19:34:56+00:00","dateModified":"2023-08-20T22:27:46+00:00","breadcrumb":{"@id":"https:\/\/masclick.net.co\/masclick\/?page_id=1089#breadcrumb"},"inLanguage":"es-CO","potentialAction":[{"@type":"ReadAction","target":["https:\/\/masclick.net.co\/masclick\/?page_id=1089"]}]},{"@type":"BreadcrumbList","@id":"https:\/\/masclick.net.co\/masclick\/?page_id=1089#breadcrumb","itemListElement":[{"@type":"ListItem","position":1,"name":"Inicio","item":"https:\/\/masclick.net.co\/masclick\/"},{"@type":"ListItem","position":2,"name":"CONDICIONES DE LA OFERTA DE PAQUETES"}]}]}},"_links":{"self":[{"href":"https:\/\/masclick.net.co\/masclick\/index.php?rest_route=\/wp\/v2\/pages\/1089"}],"collection":[{"href":"https:\/\/masclick.net.co\/masclick\/index.php?rest_route=\/wp\/v2\/pages"}],"about":[{"href":"https:\/\/masclick.net.co\/masclick\/index.php?rest_route=\/wp\/v2\/types\/page"}],"author":[{"embeddable":true,"href":"https:\/\/masclick.net.co\/masclick\/index.php?rest_route=\/wp\/v2\/users\/1"}],"replies":[{"embeddable":true,"href":"https:\/\/masclick.net.co\/masclick\/index.php?rest_route=%2Fwp%2Fv2%2Fcomments&post=1089"}],"version-history":[{"count":4,"href":"https:\/\/masclick.net.co\/masclick\/index.php?rest_route=\/wp\/v2\/pages\/1089\/revisions"}],"predecessor-version":[{"id":4951,"href":"https:\/\/masclick.net.co\/masclick\/index.php?rest_route=\/wp\/v2\/pages\/1089\/revisions\/4951"}],"wp:attachment":[{"href":"https:\/\/masclick.net.co\/masclick\/index.php?rest_route=%2Fwp%2Fv2%2Fmedia&parent=1089"}],"curies":[{"name":"wp","href":"https:\/\/api.w.org\/{rel}","templated":true}]}}