{"id":768,"date":"2022-01-11T15:40:39","date_gmt":"2022-01-11T20:40:39","guid":{"rendered":"http:\/\/masclick.net.co\/masclick\/?page_id=768"},"modified":"2022-04-12T11:56:51","modified_gmt":"2022-04-12T16:56:51","slug":"terminos-y-condiciones-generales-del-servicio-movil-prepago","status":"publish","type":"page","link":"https:\/\/masclick.net.co\/masclick\/?page_id=768","title":{"rendered":"T\u00c9RMINOS Y CONDICIONES GENERALES DEL SERVICIO M\u00d3VIL PREPAGO"},"content":{"rendered":"\t\t<div data-elementor-type=\"wp-post\" data-elementor-id=\"768\" class=\"elementor elementor-768\">\n\t\t\t\t\t\t\t\t\t<section class=\"elementor-section elementor-top-section elementor-element elementor-element-ebd2565 elementor-section-content-middle elementor-section-boxed elementor-section-height-default elementor-section-height-default\" data-id=\"ebd2565\" data-element_type=\"section\" data-settings=\"{&quot;background_background&quot;:&quot;video&quot;,&quot;background_video_link&quot;:&quot;https:\\\/\\\/www.youtube.com\\\/watch?v=g7d-i77HnqI&quot;,&quot;background_play_on_mobile&quot;:&quot;yes&quot;}\">\n\t\t\t\t\t\t\t\t<div class=\"elementor-background-video-container\">\n\t\t\t\t\t\t\t\t\t\t\t\t\t<div class=\"elementor-background-video-embed\"><\/div>\n\t\t\t\t\t\t\t\t\t\t\t\t<\/div>\n\t\t\t\t\t\t\t\t\t<div class=\"elementor-background-overlay\"><\/div>\n\t\t\t\t\t\t\t<div class=\"elementor-container elementor-column-gap-no\">\n\t\t\t\t\t<div class=\"elementor-column elementor-col-50 elementor-top-column elementor-element elementor-element-fe3c51f\" data-id=\"fe3c51f\" data-element_type=\"column\">\n\t\t\t<div class=\"elementor-widget-wrap elementor-element-populated\">\n\t\t\t\t\t\t\t\t<div class=\"elementor-element elementor-element-e8fc61e elementor-widget elementor-widget-heading\" data-id=\"e8fc61e\" data-element_type=\"widget\" data-widget_type=\"heading.default\">\n\t\t\t\t<div class=\"elementor-widget-container\">\n\t\t\t<style>\/*! elementor - v3.6.5 - 27-04-2022 *\/\n.elementor-heading-title{padding:0;margin:0;line-height:1}.elementor-widget-heading .elementor-heading-title[class*=elementor-size-]>a{color:inherit;font-size:inherit;line-height:inherit}.elementor-widget-heading .elementor-heading-title.elementor-size-small{font-size:15px}.elementor-widget-heading .elementor-heading-title.elementor-size-medium{font-size:19px}.elementor-widget-heading .elementor-heading-title.elementor-size-large{font-size:29px}.elementor-widget-heading .elementor-heading-title.elementor-size-xl{font-size:39px}.elementor-widget-heading .elementor-heading-title.elementor-size-xxl{font-size:59px}<\/style><h5 class=\"elementor-heading-title elementor-size-default\">T\u00e9rminos\ny Condiciones GENERALES DEL SERVICIO M\u00d3VIL PREPAGO<\/h5>\t\t<\/div>\n\t\t\t\t<\/div>\n\t\t\t\t<div class=\"elementor-element elementor-element-25c959e elementor-widget elementor-widget-image\" data-id=\"25c959e\" data-element_type=\"widget\" data-widget_type=\"image.default\">\n\t\t\t\t<div class=\"elementor-widget-container\">\n\t\t\t<style>\/*! elementor - v3.6.5 - 27-04-2022 *\/\n.elementor-widget-image{text-align:center}.elementor-widget-image a{display:inline-block}.elementor-widget-image a img[src$=\".svg\"]{width:48px}.elementor-widget-image img{vertical-align:middle;display:inline-block}<\/style>\t\t\t\t\t\t\t\t\t\t\t\t<img width=\"891\" height=\"356\" src=\"https:\/\/masclick.net.co\/masclick\/wp-content\/uploads\/2022\/01\/logoMaxClick.png\" class=\"attachment-large size-large\" alt=\"\" loading=\"lazy\" srcset=\"https:\/\/masclick.net.co\/masclick\/wp-content\/uploads\/2022\/01\/logoMaxClick.png 891w, https:\/\/masclick.net.co\/masclick\/wp-content\/uploads\/2022\/01\/logoMaxClick-300x120.png 300w, https:\/\/masclick.net.co\/masclick\/wp-content\/uploads\/2022\/01\/logoMaxClick-768x307.png 768w\" sizes=\"(max-width: 891px) 100vw, 891px\" \/>\t\t\t\t\t\t\t\t\t\t\t\t\t\t\t<\/div>\n\t\t\t\t<\/div>\n\t\t\t\t<div class=\"elementor-element elementor-element-a52b460 elementor-widget elementor-widget-text-editor\" data-id=\"a52b460\" data-element_type=\"widget\" data-widget_type=\"text-editor.default\">\n\t\t\t\t<div class=\"elementor-widget-container\">\n\t\t\t<style>\/*! elementor - v3.6.5 - 27-04-2022 *\/\n.elementor-widget-text-editor.elementor-drop-cap-view-stacked .elementor-drop-cap{background-color:#818a91;color:#fff}.elementor-widget-text-editor.elementor-drop-cap-view-framed .elementor-drop-cap{color:#818a91;border:3px solid;background-color:transparent}.elementor-widget-text-editor:not(.elementor-drop-cap-view-default) .elementor-drop-cap{margin-top:8px}.elementor-widget-text-editor:not(.elementor-drop-cap-view-default) .elementor-drop-cap-letter{width:1em;height:1em}.elementor-widget-text-editor .elementor-drop-cap{float:left;text-align:center;line-height:1;font-size:50px}.elementor-widget-text-editor .elementor-drop-cap-letter{display:inline-block}<\/style>\t\t\t\t<p>Servicio M\u00f3vil prestado por SUMA M\u00d3VIL S.A.S<\/p>\t\t\t\t\t\t<\/div>\n\t\t\t\t<\/div>\n\t\t\t\t\t<\/div>\n\t\t<\/div>\n\t\t\t\t<div class=\"elementor-column elementor-col-50 elementor-top-column elementor-element elementor-element-df90499\" data-id=\"df90499\" data-element_type=\"column\">\n\t\t\t<div class=\"elementor-widget-wrap\">\n\t\t\t\t\t\t\t\t\t<\/div>\n\t\t<\/div>\n\t\t\t\t\t\t\t<\/div>\n\t\t<\/section>\n\t\t\t\t<section class=\"elementor-section elementor-top-section elementor-element elementor-element-ae630b3 elementor-section-boxed elementor-section-height-default elementor-section-height-default\" data-id=\"ae630b3\" data-element_type=\"section\" data-settings=\"{&quot;background_background&quot;:&quot;classic&quot;}\">\n\t\t\t\t\t\t<div class=\"elementor-container elementor-column-gap-default\">\n\t\t\t\t\t<div class=\"elementor-column elementor-col-100 elementor-top-column elementor-element elementor-element-0e360ae\" data-id=\"0e360ae\" data-element_type=\"column\" data-settings=\"{&quot;background_background&quot;:&quot;classic&quot;}\">\n\t\t\t<div class=\"elementor-widget-wrap elementor-element-populated\">\n\t\t\t\t\t\t\t\t<div class=\"elementor-element elementor-element-b6e6ea3 elementor-widget elementor-widget-shortcode\" data-id=\"b6e6ea3\" data-element_type=\"widget\" data-widget_type=\"shortcode.default\">\n\t\t\t\t<div class=\"elementor-widget-container\">\n\t\t\t\t\t<div class=\"elementor-shortcode\"><a href=\"https:\/\/masclick.net.co\/masclick\/wp-content\/uploads\/2022\/02\/Borrador_-Terminos-y-Condiciones-Generales-Servicio-Prepago_Aliados.pdf\" class=\"pdfemb-viewer\" style=\"\" data-width=\"max\" data-height=\"max\"  data-toolbar=\"bottom\" data-toolbar-fixed=\"on\">Borrador_-Terminos-y-Condiciones-Generales-Servicio-Prepago_Aliados<br\/><\/a><\/div>\n\t\t\t\t<\/div>\n\t\t\t\t<\/div>\n\t\t\t\t\t<\/div>\n\t\t<\/div>\n\t\t\t\t\t\t\t<\/div>\n\t\t<\/section>\n\t\t\t\t\t\t\t<\/div>\n\t\t","protected":false},"excerpt":{"rendered":"<p>T\u00e9rminos y Condiciones GENERALES DEL SERVICIO M\u00d3VIL PREPAGO Servicio M\u00f3vil prestado por SUMA M\u00d3VIL S.A.S<\/p>\n","protected":false},"author":1,"featured_media":0,"parent":0,"menu_order":0,"comment_status":"closed","ping_status":"closed","template":"","meta":{"site-sidebar-layout":"default","site-content-layout":"page-builder","ast-main-header-display":"","ast-hfb-above-header-display":"","ast-hfb-below-header-display":"","ast-hfb-mobile-header-display":"","site-post-title":"disabled","ast-breadcrumbs-content":"","ast-featured-img":"disabled","footer-sml-layout":"","theme-transparent-header-meta":"enabled","adv-header-id-meta":"","stick-header-meta":"","header-above-stick-meta":"","header-main-stick-meta":"","header-below-stick-meta":""},"yoast_head":"<!-- This site is optimized with the Yoast SEO plugin v17.8 - https:\/\/yoast.com\/wordpress\/plugins\/seo\/ -->\n<title>T\u00c9RMINOS Y CONDICIONES GENERALES DEL SERVICIO M\u00d3VIL PREPAGO - masclick<\/title>\n<meta name=\"robots\" content=\"index, follow, max-snippet:-1, max-image-preview:large, max-video-preview:-1\" \/>\n<link rel=\"canonical\" href=\"https:\/\/masclick.net.co\/masclick\/?page_id=768\" \/>\n<meta property=\"og:locale\" content=\"es_ES\" \/>\n<meta property=\"og:type\" content=\"article\" \/>\n<meta property=\"og:title\" content=\"T\u00c9RMINOS Y CONDICIONES GENERALES DEL SERVICIO M\u00d3VIL PREPAGO - masclick\" \/>\n<meta property=\"og:description\" content=\"T\u00e9rminos y Condiciones GENERALES DEL SERVICIO M\u00d3VIL PREPAGO Servicio M\u00f3vil prestado por SUMA M\u00d3VIL S.A.S\" \/>\n<meta property=\"og:url\" content=\"https:\/\/masclick.net.co\/masclick\/?page_id=768\" \/>\n<meta property=\"og:site_name\" content=\"masclick\" \/>\n<meta property=\"article:modified_time\" content=\"2022-04-12T16:56:51+00:00\" \/>\n<meta property=\"og:image\" content=\"http:\/\/masclick.net.co\/masclick\/wp-content\/uploads\/2022\/01\/logoMaxClick.png\" \/>\n<meta name=\"twitter:card\" content=\"summary_large_image\" \/>\n<meta name=\"twitter:label1\" content=\"Tiempo estimado de lectura\" \/>\n\t<meta name=\"twitter:data1\" content=\"1 minuto\" \/>\n<script type=\"application\/ld+json\" class=\"yoast-schema-graph\">{\"@context\":\"https:\/\/schema.org\",\"@graph\":[{\"@type\":\"Organization\",\"@id\":\"https:\/\/masclick.net.co\/masclick\/#organization\",\"name\":\"MasClick\",\"url\":\"https:\/\/masclick.net.co\/masclick\/\",\"sameAs\":[],\"logo\":{\"@type\":\"ImageObject\",\"@id\":\"https:\/\/masclick.net.co\/masclick\/#logo\",\"inLanguage\":\"es-CO\",\"url\":\"http:\/\/masclick.net.co\/masclick\/wp-content\/uploads\/2022\/01\/logoMaxClick.png\",\"contentUrl\":\"http:\/\/masclick.net.co\/masclick\/wp-content\/uploads\/2022\/01\/logoMaxClick.png\",\"width\":891,\"height\":356,\"caption\":\"MasClick\"},\"image\":{\"@id\":\"https:\/\/masclick.net.co\/masclick\/#logo\"}},{\"@type\":\"WebSite\",\"@id\":\"https:\/\/masclick.net.co\/masclick\/#website\",\"url\":\"https:\/\/masclick.net.co\/masclick\/\",\"name\":\"masclick\",\"description\":\"Comun\\u00edcate con el futuro\",\"publisher\":{\"@id\":\"https:\/\/masclick.net.co\/masclick\/#organization\"},\"potentialAction\":[{\"@type\":\"SearchAction\",\"target\":{\"@type\":\"EntryPoint\",\"urlTemplate\":\"https:\/\/masclick.net.co\/masclick\/?s={search_term_string}\"},\"query-input\":\"required name=search_term_string\"}],\"inLanguage\":\"es-CO\"},{\"@type\":\"ImageObject\",\"@id\":\"https:\/\/masclick.net.co\/masclick\/?page_id=768#primaryimage\",\"inLanguage\":\"es-CO\",\"url\":\"http:\/\/masclick.net.co\/masclick\/wp-content\/uploads\/2022\/01\/logoMaxClick.png\",\"contentUrl\":\"http:\/\/masclick.net.co\/masclick\/wp-content\/uploads\/2022\/01\/logoMaxClick.png\"},{\"@type\":\"WebPage\",\"@id\":\"https:\/\/masclick.net.co\/masclick\/?page_id=768#webpage\",\"url\":\"https:\/\/masclick.net.co\/masclick\/?page_id=768\",\"name\":\"T\\u00c9RMINOS Y CONDICIONES GENERALES DEL SERVICIO M\\u00d3VIL PREPAGO - masclick\",\"isPartOf\":{\"@id\":\"https:\/\/masclick.net.co\/masclick\/#website\"},\"primaryImageOfPage\":{\"@id\":\"https:\/\/masclick.net.co\/masclick\/?page_id=768#primaryimage\"},\"datePublished\":\"2022-01-11T20:40:39+00:00\",\"dateModified\":\"2022-04-12T16:56:51+00:00\",\"breadcrumb\":{\"@id\":\"https:\/\/masclick.net.co\/masclick\/?page_id=768#breadcrumb\"},\"inLanguage\":\"es-CO\",\"potentialAction\":[{\"@type\":\"ReadAction\",\"target\":[\"https:\/\/masclick.net.co\/masclick\/?page_id=768\"]}]},{\"@type\":\"BreadcrumbList\",\"@id\":\"https:\/\/masclick.net.co\/masclick\/?page_id=768#breadcrumb\",\"itemListElement\":[{\"@type\":\"ListItem\",\"position\":1,\"name\":\"Inicio\",\"item\":\"https:\/\/masclick.net.co\/masclick\/\"},{\"@type\":\"ListItem\",\"position\":2,\"name\":\"T\\u00c9RMINOS Y CONDICIONES GENERALES DEL SERVICIO M\\u00d3VIL PREPAGO\"}]}]}<\/script>\n<!-- \/ Yoast SEO plugin. -->","yoast_head_json":{"title":"T\u00c9RMINOS Y CONDICIONES GENERALES DEL SERVICIO M\u00d3VIL PREPAGO - masclick","robots":{"index":"index","follow":"follow","max-snippet":"max-snippet:-1","max-image-preview":"max-image-preview:large","max-video-preview":"max-video-preview:-1"},"canonical":"https:\/\/masclick.net.co\/masclick\/?page_id=768","og_locale":"es_ES","og_type":"article","og_title":"T\u00c9RMINOS Y CONDICIONES GENERALES DEL SERVICIO M\u00d3VIL PREPAGO - masclick","og_description":"T\u00e9rminos y Condiciones GENERALES DEL SERVICIO M\u00d3VIL PREPAGO Servicio M\u00f3vil prestado por SUMA M\u00d3VIL S.A.S","og_url":"https:\/\/masclick.net.co\/masclick\/?page_id=768","og_site_name":"masclick","article_modified_time":"2022-04-12T16:56:51+00:00","og_image":[{"url":"http:\/\/masclick.net.co\/masclick\/wp-content\/uploads\/2022\/01\/logoMaxClick.png"}],"twitter_card":"summary_large_image","twitter_misc":{"Tiempo estimado de lectura":"1 minuto"},"schema":{"@context":"https:\/\/schema.org","@graph":[{"@type":"Organization","@id":"https:\/\/masclick.net.co\/masclick\/#organization","name":"MasClick","url":"https:\/\/masclick.net.co\/masclick\/","sameAs":[],"logo":{"@type":"ImageObject","@id":"https:\/\/masclick.net.co\/masclick\/#logo","inLanguage":"es-CO","url":"http:\/\/masclick.net.co\/masclick\/wp-content\/uploads\/2022\/01\/logoMaxClick.png","contentUrl":"http:\/\/masclick.net.co\/masclick\/wp-content\/uploads\/2022\/01\/logoMaxClick.png","width":891,"height":356,"caption":"MasClick"},"image":{"@id":"https:\/\/masclick.net.co\/masclick\/#logo"}},{"@type":"WebSite","@id":"https:\/\/masclick.net.co\/masclick\/#website","url":"https:\/\/masclick.net.co\/masclick\/","name":"masclick","description":"Comun\u00edcate con el futuro","publisher":{"@id":"https:\/\/masclick.net.co\/masclick\/#organization"},"potentialAction":[{"@type":"SearchAction","target":{"@type":"EntryPoint","urlTemplate":"https:\/\/masclick.net.co\/masclick\/?s={search_term_string}"},"query-input":"required name=search_term_string"}],"inLanguage":"es-CO"},{"@type":"ImageObject","@id":"https:\/\/masclick.net.co\/masclick\/?page_id=768#primaryimage","inLanguage":"es-CO","url":"http:\/\/masclick.net.co\/masclick\/wp-content\/uploads\/2022\/01\/logoMaxClick.png","contentUrl":"http:\/\/masclick.net.co\/masclick\/wp-content\/uploads\/2022\/01\/logoMaxClick.png"},{"@type":"WebPage","@id":"https:\/\/masclick.net.co\/masclick\/?page_id=768#webpage","url":"https:\/\/masclick.net.co\/masclick\/?page_id=768","name":"T\u00c9RMINOS Y CONDICIONES GENERALES DEL SERVICIO M\u00d3VIL PREPAGO - masclick","isPartOf":{"@id":"https:\/\/masclick.net.co\/masclick\/#website"},"primaryImageOfPage":{"@id":"https:\/\/masclick.net.co\/masclick\/?page_id=768#primaryimage"},"datePublished":"2022-01-11T20:40:39+00:00","dateModified":"2022-04-12T16:56:51+00:00","breadcrumb":{"@id":"https:\/\/masclick.net.co\/masclick\/?page_id=768#breadcrumb"},"inLanguage":"es-CO","potentialAction":[{"@type":"ReadAction","target":["https:\/\/masclick.net.co\/masclick\/?page_id=768"]}]},{"@type":"BreadcrumbList","@id":"https:\/\/masclick.net.co\/masclick\/?page_id=768#breadcrumb","itemListElement":[{"@type":"ListItem","position":1,"name":"Inicio","item":"https:\/\/masclick.net.co\/masclick\/"},{"@type":"ListItem","position":2,"name":"T\u00c9RMINOS Y CONDICIONES GENERALES DEL SERVICIO M\u00d3VIL PREPAGO"}]}]}},"_links":{"self":[{"href":"https:\/\/masclick.net.co\/masclick\/index.php?rest_route=\/wp\/v2\/pages\/768"}],"collection":[{"href":"https:\/\/masclick.net.co\/masclick\/index.php?rest_route=\/wp\/v2\/pages"}],"about":[{"href":"https:\/\/masclick.net.co\/masclick\/index.php?rest_route=\/wp\/v2\/types\/page"}],"author":[{"embeddable":true,"href":"https:\/\/masclick.net.co\/masclick\/index.php?rest_route=\/wp\/v2\/users\/1"}],"replies":[{"embeddable":true,"href":"https:\/\/masclick.net.co\/masclick\/index.php?rest_route=%2Fwp%2Fv2%2Fcomments&post=768"}],"version-history":[{"count":0,"href":"https:\/\/masclick.net.co\/masclick\/index.php?rest_route=\/wp\/v2\/pages\/768\/revisions"}],"wp:attachment":[{"href":"https:\/\/masclick.net.co\/masclick\/index.php?rest_route=%2Fwp%2Fv2%2Fmedia&parent=768"}],"curies":[{"name":"wp","href":"https:\/\/api.w.org\/{rel}","templated":true}]}}