{"id":993,"date":"2022-01-18T17:05:36","date_gmt":"2022-01-18T22:05:36","guid":{"rendered":"http:\/\/masclick.net.co\/masclick\/?page_id=993"},"modified":"2022-09-09T17:46:40","modified_gmt":"2022-09-09T22:46:40","slug":"activa-tu-sim","status":"publish","type":"page","link":"https:\/\/masclick.net.co\/masclick\/?page_id=993","title":{"rendered":"Activa tu SIM"},"content":{"rendered":"\t\t<div data-elementor-type=\"wp-post\" data-elementor-id=\"993\" class=\"elementor elementor-993\">\n\t\t\t\t\t\t\t\t\t<section class=\"elementor-section elementor-top-section elementor-element elementor-element-5c4352b elementor-section-boxed elementor-section-height-default elementor-section-height-default\" data-id=\"5c4352b\" data-element_type=\"section\" data-settings=\"{&quot;background_background&quot;:&quot;classic&quot;}\">\n\t\t\t\t\t\t\t<div class=\"elementor-background-overlay\"><\/div>\n\t\t\t\t\t\t\t<div class=\"elementor-container elementor-column-gap-no\">\n\t\t\t\t\t<div class=\"elementor-column elementor-col-100 elementor-top-column elementor-element elementor-element-1f42a6b\" data-id=\"1f42a6b\" data-element_type=\"column\">\n\t\t\t<div class=\"elementor-widget-wrap elementor-element-populated\">\n\t\t\t\t\t\t\t\t<div class=\"elementor-element elementor-element-c4027f0 elementor-widget elementor-widget-heading\" data-id=\"c4027f0\" data-element_type=\"widget\" data-widget_type=\"heading.default\">\n\t\t\t\t<div class=\"elementor-widget-container\">\n\t\t\t<style>\/*! elementor - v3.6.5 - 27-04-2022 *\/\n.elementor-heading-title{padding:0;margin:0;line-height:1}.elementor-widget-heading .elementor-heading-title[class*=elementor-size-]>a{color:inherit;font-size:inherit;line-height:inherit}.elementor-widget-heading .elementor-heading-title.elementor-size-small{font-size:15px}.elementor-widget-heading .elementor-heading-title.elementor-size-medium{font-size:19px}.elementor-widget-heading .elementor-heading-title.elementor-size-large{font-size:29px}.elementor-widget-heading .elementor-heading-title.elementor-size-xl{font-size:39px}.elementor-widget-heading .elementor-heading-title.elementor-size-xxl{font-size:59px}<\/style><p class=\"elementor-heading-title elementor-size-small\">Servicio M\u00f3vil prestado por SUMA M\u00d3VIL S.A.S<\/p>\t\t<\/div>\n\t\t\t\t<\/div>\n\t\t\t\t<div class=\"elementor-element elementor-element-d4bc8a1 elementor-widget elementor-widget-heading\" data-id=\"d4bc8a1\" data-element_type=\"widget\" data-widget_type=\"heading.default\">\n\t\t\t\t<div class=\"elementor-widget-container\">\n\t\t\t<h1 class=\"elementor-heading-title elementor-size-default\">Activa tu SIM<\/h1>\t\t<\/div>\n\t\t\t\t<\/div>\n\t\t\t\t\t<\/div>\n\t\t<\/div>\n\t\t\t\t\t\t\t<\/div>\n\t\t<\/section>\n\t\t\t\t<section class=\"elementor-section elementor-top-section elementor-element elementor-element-fa7b5f7 elementor-section-boxed elementor-section-height-default elementor-section-height-default\" data-id=\"fa7b5f7\" data-element_type=\"section\" data-settings=\"{&quot;background_background&quot;:&quot;classic&quot;}\">\n\t\t\t\t\t\t<div class=\"elementor-container elementor-column-gap-default\">\n\t\t\t\t\t<div class=\"elementor-column elementor-col-16 elementor-top-column elementor-element elementor-element-eb0bc61\" data-id=\"eb0bc61\" data-element_type=\"column\">\n\t\t\t<div class=\"elementor-widget-wrap\">\n\t\t\t\t\t\t\t\t\t<\/div>\n\t\t<\/div>\n\t\t\t\t<div class=\"elementor-column elementor-col-66 elementor-top-column elementor-element elementor-element-f3a713c\" data-id=\"f3a713c\" data-element_type=\"column\" data-settings=\"{&quot;background_background&quot;:&quot;classic&quot;}\">\n\t\t\t<div class=\"elementor-widget-wrap elementor-element-populated\">\n\t\t\t\t\t\t\t\t<div class=\"elementor-element elementor-element-77196b0 elementor-widget elementor-widget-image\" data-id=\"77196b0\" data-element_type=\"widget\" data-widget_type=\"image.default\">\n\t\t\t\t<div class=\"elementor-widget-container\">\n\t\t\t<style>\/*! elementor - v3.6.5 - 27-04-2022 *\/\n.elementor-widget-image{text-align:center}.elementor-widget-image a{display:inline-block}.elementor-widget-image a img[src$=\".svg\"]{width:48px}.elementor-widget-image img{vertical-align:middle;display:inline-block}<\/style>\t\t\t\t\t\t\t\t\t\t\t\t<img width=\"891\" height=\"356\" src=\"https:\/\/masclick.net.co\/masclick\/wp-content\/uploads\/2022\/01\/logoMaxClick.png\" class=\"attachment-large size-large\" alt=\"\" loading=\"lazy\" srcset=\"https:\/\/masclick.net.co\/masclick\/wp-content\/uploads\/2022\/01\/logoMaxClick.png 891w, https:\/\/masclick.net.co\/masclick\/wp-content\/uploads\/2022\/01\/logoMaxClick-300x120.png 300w, https:\/\/masclick.net.co\/masclick\/wp-content\/uploads\/2022\/01\/logoMaxClick-768x307.png 768w\" sizes=\"(max-width: 891px) 100vw, 891px\" \/>\t\t\t\t\t\t\t\t\t\t\t\t\t\t\t<\/div>\n\t\t\t\t<\/div>\n\t\t\t\t<div class=\"elementor-element elementor-element-ce3f7e4 elementor-widget elementor-widget-text-editor\" data-id=\"ce3f7e4\" data-element_type=\"widget\" data-widget_type=\"text-editor.default\">\n\t\t\t\t<div class=\"elementor-widget-container\">\n\t\t\t<style>\/*! elementor - v3.6.5 - 27-04-2022 *\/\n.elementor-widget-text-editor.elementor-drop-cap-view-stacked .elementor-drop-cap{background-color:#818a91;color:#fff}.elementor-widget-text-editor.elementor-drop-cap-view-framed .elementor-drop-cap{color:#818a91;border:3px solid;background-color:transparent}.elementor-widget-text-editor:not(.elementor-drop-cap-view-default) .elementor-drop-cap{margin-top:8px}.elementor-widget-text-editor:not(.elementor-drop-cap-view-default) .elementor-drop-cap-letter{width:1em;height:1em}.elementor-widget-text-editor .elementor-drop-cap{float:left;text-align:center;line-height:1;font-size:50px}.elementor-widget-text-editor .elementor-drop-cap-letter{display:inline-block}<\/style>\t\t\t\t<ul><li><p><strong>Activaci\u00f3n de SIM v\u00eda web <\/strong><\/p><p>Para activar tu SIM de\u00a0+CLICK m\u00f3vil, puedes comunicarte con la l\u00ednea de servicio al cliente que encuentras en la mini gu\u00eda que acompa\u00f1a a tu\u00a0SIMcard.<\/p><ol><li>Recuerda que debes tener a mano la siguiente informaci\u00f3n:<\/li><\/ol><ul><li>Nombre completo<\/li><li>Documento de identidad<\/li><li>N\u00famero de la l\u00ednea telef\u00f3nica asignada.<br \/>Lo puedes consultar ingresando\u00a0*104#\u00a0y la tecla marcar desde tu tel\u00e9fono<\/li><li>Correo electr\u00f3nico, necesario para habilitar tu portal de autogesti\u00f3n<\/li><\/ul><ol start=\"2\"><li>Entra a la secci\u00f3n &#8220;Activa tu Sim&#8221; e ingresa los 11 d\u00edgitos resaltados que se encuentran en la tarjeta que acompa\u00f1a la Sim Card localizados en el c\u00f3digo de barras.<\/li><li>Luego ingresa el c\u00f3digo PUK (8 d\u00edgitos) que encontrar\u00e1s en la misma tarjeta.<\/li><li>Los siguientes pasos son muy f\u00e1ciles e ir\u00e1n apareciendo en pantalla, deber\u00e1s ingresar tu c\u00e9dula y otros datos que se te indicaran.<\/li><\/ol><p>(Ingresa aqu\u00ed para activar tu SIM)<\/p><p><a href=\"https:\/\/clientes.masclick.net.co\/olr\/sim\" target=\"_blank\" rel=\"noopener\">Redirige<\/a><\/p><\/li><li>Activaci\u00f3n de SIM por medio de c\u00f3digos USSD<br \/>Una vez que el usuario inserte la SIM en el dispositivo m\u00f3vil y tenga se\u00f1al, debe marcar al *315*CC*AAAA# para activar la sim por primera vez.<br \/>Donde CC es el n\u00famero de cedula y AAAA es el a\u00f1o de expedici\u00f3n de la cedula. Para finalizar, cuando el usuario realiza el proceso de activaci\u00f3n de la l\u00ednea esta queda en estado pre activo, para que quede activa deber\u00e1 realizar cualquier tipo de llamada, al realizar este evento le llegar\u00e1 un mensaje de texto de Bienvenida.<\/li><\/ul>\t\t\t\t\t\t<\/div>\n\t\t\t\t<\/div>\n\t\t\t\t\t<\/div>\n\t\t<\/div>\n\t\t\t\t<div class=\"elementor-column elementor-col-16 elementor-top-column elementor-element elementor-element-563b009\" data-id=\"563b009\" data-element_type=\"column\">\n\t\t\t<div class=\"elementor-widget-wrap\">\n\t\t\t\t\t\t\t\t\t<\/div>\n\t\t<\/div>\n\t\t\t\t\t\t\t<\/div>\n\t\t<\/section>\n\t\t\t\t\t\t\t<\/div>\n\t\t","protected":false},"excerpt":{"rendered":"<p>Servicio M\u00f3vil prestado por SUMA M\u00d3VIL S.A.S Activa tu SIM Activaci\u00f3n de SIM v\u00eda web Para activar tu SIM de\u00a0+CLICK m\u00f3vil, puedes comunicarte con la l\u00ednea de servicio al cliente que encuentras en la mini gu\u00eda que acompa\u00f1a a tu\u00a0SIMcard. Recuerda que debes tener a mano la siguiente informaci\u00f3n: Nombre completo Documento de identidad N\u00famero &hellip;<\/p>\n<p class=\"read-more\"> <a class=\"\" href=\"https:\/\/masclick.net.co\/masclick\/?page_id=993\"> <span class=\"screen-reader-text\">Activa tu SIM<\/span> Leer m\u00e1s &raquo;<\/a><\/p>\n","protected":false},"author":1,"featured_media":0,"parent":0,"menu_order":0,"comment_status":"closed","ping_status":"closed","template":"","meta":{"site-sidebar-layout":"default","site-content-layout":"page-builder","ast-main-header-display":"","ast-hfb-above-header-display":"","ast-hfb-below-header-display":"","ast-hfb-mobile-header-display":"","site-post-title":"disabled","ast-breadcrumbs-content":"","ast-featured-img":"disabled","footer-sml-layout":"","theme-transparent-header-meta":"enabled","adv-header-id-meta":"","stick-header-meta":"","header-above-stick-meta":"","header-main-stick-meta":"","header-below-stick-meta":""},"yoast_head":"<!-- This site is optimized with the Yoast SEO plugin v17.8 - https:\/\/yoast.com\/wordpress\/plugins\/seo\/ -->\n<title>Activa tu SIM - masclick<\/title>\n<meta name=\"robots\" content=\"index, follow, max-snippet:-1, max-image-preview:large, max-video-preview:-1\" \/>\n<link rel=\"canonical\" href=\"https:\/\/masclick.net.co\/masclick\/?page_id=993\" \/>\n<meta property=\"og:locale\" content=\"es_ES\" \/>\n<meta property=\"og:type\" content=\"article\" \/>\n<meta property=\"og:title\" content=\"Activa tu SIM - masclick\" \/>\n<meta property=\"og:description\" content=\"Servicio M\u00f3vil prestado por SUMA M\u00d3VIL S.A.S Activa tu SIM Activaci\u00f3n de SIM v\u00eda web Para activar tu SIM de\u00a0+CLICK m\u00f3vil, puedes comunicarte con la l\u00ednea de servicio al cliente que encuentras en la mini gu\u00eda que acompa\u00f1a a tu\u00a0SIMcard. Recuerda que debes tener a mano la siguiente informaci\u00f3n: Nombre completo Documento de identidad N\u00famero &hellip; Activa tu SIM Leer m\u00e1s &raquo;\" \/>\n<meta property=\"og:url\" content=\"https:\/\/masclick.net.co\/masclick\/?page_id=993\" \/>\n<meta property=\"og:site_name\" content=\"masclick\" \/>\n<meta property=\"article:modified_time\" content=\"2022-09-09T22:46:40+00:00\" \/>\n<meta property=\"og:image\" content=\"https:\/\/masclick.net.co\/masclick\/wp-content\/uploads\/2022\/01\/logoMaxClick.png\" \/>\n<meta name=\"twitter:card\" content=\"summary_large_image\" \/>\n<meta name=\"twitter:label1\" content=\"Tiempo estimado de lectura\" \/>\n\t<meta name=\"twitter:data1\" content=\"2 minutos\" \/>\n<script type=\"application\/ld+json\" class=\"yoast-schema-graph\">{\"@context\":\"https:\/\/schema.org\",\"@graph\":[{\"@type\":\"Organization\",\"@id\":\"https:\/\/masclick.net.co\/masclick\/#organization\",\"name\":\"MasClick\",\"url\":\"https:\/\/masclick.net.co\/masclick\/\",\"sameAs\":[],\"logo\":{\"@type\":\"ImageObject\",\"@id\":\"https:\/\/masclick.net.co\/masclick\/#logo\",\"inLanguage\":\"es-CO\",\"url\":\"http:\/\/masclick.net.co\/masclick\/wp-content\/uploads\/2022\/01\/logoMaxClick.png\",\"contentUrl\":\"http:\/\/masclick.net.co\/masclick\/wp-content\/uploads\/2022\/01\/logoMaxClick.png\",\"width\":891,\"height\":356,\"caption\":\"MasClick\"},\"image\":{\"@id\":\"https:\/\/masclick.net.co\/masclick\/#logo\"}},{\"@type\":\"WebSite\",\"@id\":\"https:\/\/masclick.net.co\/masclick\/#website\",\"url\":\"https:\/\/masclick.net.co\/masclick\/\",\"name\":\"masclick\",\"description\":\"Comun\\u00edcate con el futuro\",\"publisher\":{\"@id\":\"https:\/\/masclick.net.co\/masclick\/#organization\"},\"potentialAction\":[{\"@type\":\"SearchAction\",\"target\":{\"@type\":\"EntryPoint\",\"urlTemplate\":\"https:\/\/masclick.net.co\/masclick\/?s={search_term_string}\"},\"query-input\":\"required name=search_term_string\"}],\"inLanguage\":\"es-CO\"},{\"@type\":\"ImageObject\",\"@id\":\"https:\/\/masclick.net.co\/masclick\/?page_id=993#primaryimage\",\"inLanguage\":\"es-CO\",\"url\":\"https:\/\/masclick.net.co\/masclick\/wp-content\/uploads\/2022\/01\/logoMaxClick.png\",\"contentUrl\":\"https:\/\/masclick.net.co\/masclick\/wp-content\/uploads\/2022\/01\/logoMaxClick.png\",\"width\":891,\"height\":356},{\"@type\":\"WebPage\",\"@id\":\"https:\/\/masclick.net.co\/masclick\/?page_id=993#webpage\",\"url\":\"https:\/\/masclick.net.co\/masclick\/?page_id=993\",\"name\":\"Activa tu SIM - masclick\",\"isPartOf\":{\"@id\":\"https:\/\/masclick.net.co\/masclick\/#website\"},\"primaryImageOfPage\":{\"@id\":\"https:\/\/masclick.net.co\/masclick\/?page_id=993#primaryimage\"},\"datePublished\":\"2022-01-18T22:05:36+00:00\",\"dateModified\":\"2022-09-09T22:46:40+00:00\",\"breadcrumb\":{\"@id\":\"https:\/\/masclick.net.co\/masclick\/?page_id=993#breadcrumb\"},\"inLanguage\":\"es-CO\",\"potentialAction\":[{\"@type\":\"ReadAction\",\"target\":[\"https:\/\/masclick.net.co\/masclick\/?page_id=993\"]}]},{\"@type\":\"BreadcrumbList\",\"@id\":\"https:\/\/masclick.net.co\/masclick\/?page_id=993#breadcrumb\",\"itemListElement\":[{\"@type\":\"ListItem\",\"position\":1,\"name\":\"Inicio\",\"item\":\"https:\/\/masclick.net.co\/masclick\/\"},{\"@type\":\"ListItem\",\"position\":2,\"name\":\"Activa tu SIM\"}]}]}<\/script>\n<!-- \/ Yoast SEO plugin. -->","yoast_head_json":{"title":"Activa tu SIM - masclick","robots":{"index":"index","follow":"follow","max-snippet":"max-snippet:-1","max-image-preview":"max-image-preview:large","max-video-preview":"max-video-preview:-1"},"canonical":"https:\/\/masclick.net.co\/masclick\/?page_id=993","og_locale":"es_ES","og_type":"article","og_title":"Activa tu SIM - masclick","og_description":"Servicio M\u00f3vil prestado por SUMA M\u00d3VIL S.A.S Activa tu SIM Activaci\u00f3n de SIM v\u00eda web Para activar tu SIM de\u00a0+CLICK m\u00f3vil, puedes comunicarte con la l\u00ednea de servicio al cliente que encuentras en la mini gu\u00eda que acompa\u00f1a a tu\u00a0SIMcard. Recuerda que debes tener a mano la siguiente informaci\u00f3n: Nombre completo Documento de identidad N\u00famero &hellip; Activa tu SIM Leer m\u00e1s &raquo;","og_url":"https:\/\/masclick.net.co\/masclick\/?page_id=993","og_site_name":"masclick","article_modified_time":"2022-09-09T22:46:40+00:00","og_image":[{"url":"https:\/\/masclick.net.co\/masclick\/wp-content\/uploads\/2022\/01\/logoMaxClick.png"}],"twitter_card":"summary_large_image","twitter_misc":{"Tiempo estimado de lectura":"2 minutos"},"schema":{"@context":"https:\/\/schema.org","@graph":[{"@type":"Organization","@id":"https:\/\/masclick.net.co\/masclick\/#organization","name":"MasClick","url":"https:\/\/masclick.net.co\/masclick\/","sameAs":[],"logo":{"@type":"ImageObject","@id":"https:\/\/masclick.net.co\/masclick\/#logo","inLanguage":"es-CO","url":"http:\/\/masclick.net.co\/masclick\/wp-content\/uploads\/2022\/01\/logoMaxClick.png","contentUrl":"http:\/\/masclick.net.co\/masclick\/wp-content\/uploads\/2022\/01\/logoMaxClick.png","width":891,"height":356,"caption":"MasClick"},"image":{"@id":"https:\/\/masclick.net.co\/masclick\/#logo"}},{"@type":"WebSite","@id":"https:\/\/masclick.net.co\/masclick\/#website","url":"https:\/\/masclick.net.co\/masclick\/","name":"masclick","description":"Comun\u00edcate con el futuro","publisher":{"@id":"https:\/\/masclick.net.co\/masclick\/#organization"},"potentialAction":[{"@type":"SearchAction","target":{"@type":"EntryPoint","urlTemplate":"https:\/\/masclick.net.co\/masclick\/?s={search_term_string}"},"query-input":"required name=search_term_string"}],"inLanguage":"es-CO"},{"@type":"ImageObject","@id":"https:\/\/masclick.net.co\/masclick\/?page_id=993#primaryimage","inLanguage":"es-CO","url":"https:\/\/masclick.net.co\/masclick\/wp-content\/uploads\/2022\/01\/logoMaxClick.png","contentUrl":"https:\/\/masclick.net.co\/masclick\/wp-content\/uploads\/2022\/01\/logoMaxClick.png","width":891,"height":356},{"@type":"WebPage","@id":"https:\/\/masclick.net.co\/masclick\/?page_id=993#webpage","url":"https:\/\/masclick.net.co\/masclick\/?page_id=993","name":"Activa tu SIM - masclick","isPartOf":{"@id":"https:\/\/masclick.net.co\/masclick\/#website"},"primaryImageOfPage":{"@id":"https:\/\/masclick.net.co\/masclick\/?page_id=993#primaryimage"},"datePublished":"2022-01-18T22:05:36+00:00","dateModified":"2022-09-09T22:46:40+00:00","breadcrumb":{"@id":"https:\/\/masclick.net.co\/masclick\/?page_id=993#breadcrumb"},"inLanguage":"es-CO","potentialAction":[{"@type":"ReadAction","target":["https:\/\/masclick.net.co\/masclick\/?page_id=993"]}]},{"@type":"BreadcrumbList","@id":"https:\/\/masclick.net.co\/masclick\/?page_id=993#breadcrumb","itemListElement":[{"@type":"ListItem","position":1,"name":"Inicio","item":"https:\/\/masclick.net.co\/masclick\/"},{"@type":"ListItem","position":2,"name":"Activa tu SIM"}]}]}},"_links":{"self":[{"href":"https:\/\/masclick.net.co\/masclick\/index.php?rest_route=\/wp\/v2\/pages\/993"}],"collection":[{"href":"https:\/\/masclick.net.co\/masclick\/index.php?rest_route=\/wp\/v2\/pages"}],"about":[{"href":"https:\/\/masclick.net.co\/masclick\/index.php?rest_route=\/wp\/v2\/types\/page"}],"author":[{"embeddable":true,"href":"https:\/\/masclick.net.co\/masclick\/index.php?rest_route=\/wp\/v2\/users\/1"}],"replies":[{"embeddable":true,"href":"https:\/\/masclick.net.co\/masclick\/index.php?rest_route=%2Fwp%2Fv2%2Fcomments&post=993"}],"version-history":[{"count":0,"href":"https:\/\/masclick.net.co\/masclick\/index.php?rest_route=\/wp\/v2\/pages\/993\/revisions"}],"wp:attachment":[{"href":"https:\/\/masclick.net.co\/masclick\/index.php?rest_route=%2Fwp%2Fv2%2Fmedia&parent=993"}],"curies":[{"name":"wp","href":"https:\/\/api.w.org\/{rel}","templated":true}]}}